{"id":219,"date":"2019-07-29T12:49:55","date_gmt":"2019-07-29T10:49:55","guid":{"rendered":"https:\/\/wove.ch\/?page_id=219"},"modified":"2025-12-12T13:34:58","modified_gmt":"2025-12-12T12:34:58","slug":"frequently-asked-questions","status":"publish","type":"page","link":"https:\/\/wove.ch\/en\/frequently-asked-questions\/","title":{"rendered":"Frequently asked questions"},"content":{"rendered":"<p>Many questions are answered here. If you have any other questions you are welcome to send them to us by email or you can contact us personally at our office during our opening times.<\/p>","protected":false},"excerpt":{"rendered":"<p>Many questions are answered here. If you have any other questions you are welcome to send them to us by email or you can contact us personally at our office during our opening times.<\/p>","protected":false},"author":1,"featured_media":0,"parent":0,"menu_order":0,"comment_status":"closed","ping_status":"closed","template":"page-faq.php","meta":{"_acf_changed":false,"footnotes":""},"class_list":["post-219","page","type-page","status-publish","hentry"],"acf":[],"yoast_head":"<!-- This site is optimized with the Yoast SEO plugin v26.8 - https:\/\/yoast.com\/product\/yoast-seo-wordpress\/ -->\n<title>H\u00e4ufige Fragen - WoVe<\/title>\n<meta name=\"description\" content=\"Viele Fragen werden hier beantwortet. Falls Du eine andere Frage an uns hast, kannst Du Dich gerne per Email oder pers\u00f6nlich w\u00e4hrend den \u00d6ffnungszeiten an uns wenden.\" \/>\n<meta name=\"robots\" content=\"index, follow, max-snippet:-1, max-image-preview:large, max-video-preview:-1\" \/>\n<link rel=\"canonical\" href=\"https:\/\/wove.ch\/en\/frequently-asked-questions\/\" \/>\n<meta property=\"og:locale\" content=\"en_GB\" \/>\n<meta property=\"og:type\" content=\"article\" \/>\n<meta property=\"og:title\" content=\"H\u00e4ufige Fragen - WoVe\" \/>\n<meta property=\"og:description\" content=\"Viele Fragen werden hier beantwortet. Falls Du eine andere Frage an uns hast, kannst Du Dich gerne per Email oder pers\u00f6nlich w\u00e4hrend den \u00d6ffnungszeiten an uns wenden.\" \/>\n<meta property=\"og:url\" content=\"https:\/\/wove.ch\/en\/frequently-asked-questions\/\" \/>\n<meta property=\"og:site_name\" content=\"WoVe\" \/>\n<meta property=\"article:publisher\" content=\"https:\/\/www.facebook.com\/WoVeStudentischeWohnvermittlungBasel\" \/>\n<meta property=\"article:modified_time\" content=\"2025-12-12T12:34:58+00:00\" \/>\n<meta name=\"twitter:card\" content=\"summary_large_image\" \/>\n<meta name=\"twitter:label1\" content=\"Estimated reading time\" \/>\n\t<meta name=\"twitter:data1\" content=\"1 minute\" \/>\n<script type=\"application\/ld+json\" class=\"yoast-schema-graph\">{\"@context\":\"https:\/\/schema.org\",\"@graph\":[{\"@type\":\"WebPage\",\"@id\":\"https:\/\/wove.ch\/haeufige-fragen\/\",\"url\":\"https:\/\/wove.ch\/haeufige-fragen\/\",\"name\":\"H\u00e4ufige Fragen - WoVe\",\"isPartOf\":{\"@id\":\"https:\/\/wove.ch\/#website\"},\"datePublished\":\"2019-07-29T10:49:55+00:00\",\"dateModified\":\"2025-12-12T12:34:58+00:00\",\"description\":\"Viele Fragen werden hier beantwortet. Falls Du eine andere Frage an uns hast, kannst Du Dich gerne per Email oder pers\u00f6nlich w\u00e4hrend den \u00d6ffnungszeiten an uns wenden.\",\"breadcrumb\":{\"@id\":\"https:\/\/wove.ch\/haeufige-fragen\/#breadcrumb\"},\"inLanguage\":\"en-GB\",\"potentialAction\":[{\"@type\":\"ReadAction\",\"target\":[\"https:\/\/wove.ch\/haeufige-fragen\/\"]}]},{\"@type\":\"BreadcrumbList\",\"@id\":\"https:\/\/wove.ch\/haeufige-fragen\/#breadcrumb\",\"itemListElement\":[{\"@type\":\"ListItem\",\"position\":1,\"name\":\"Startseite\",\"item\":\"https:\/\/wove.ch\/\"},{\"@type\":\"ListItem\",\"position\":2,\"name\":\"H\u00e4ufige Fragen\"}]},{\"@type\":\"WebSite\",\"@id\":\"https:\/\/wove.ch\/#website\",\"url\":\"https:\/\/wove.ch\/\",\"name\":\"WoVe\",\"description\":\"Studentisches Wohnen\",\"publisher\":{\"@id\":\"https:\/\/wove.ch\/#organization\"},\"potentialAction\":[{\"@type\":\"SearchAction\",\"target\":{\"@type\":\"EntryPoint\",\"urlTemplate\":\"https:\/\/wove.ch\/?s={search_term_string}\"},\"query-input\":{\"@type\":\"PropertyValueSpecification\",\"valueRequired\":true,\"valueName\":\"search_term_string\"}}],\"inLanguage\":\"en-GB\"},{\"@type\":\"Organization\",\"@id\":\"https:\/\/wove.ch\/#organization\",\"name\":\"WoVe\",\"url\":\"https:\/\/wove.ch\/\",\"logo\":{\"@type\":\"ImageObject\",\"inLanguage\":\"en-GB\",\"@id\":\"https:\/\/wove.ch\/#\/schema\/logo\/image\/\",\"url\":\"https:\/\/wove.ch\/wp-content\/uploads\/2020\/07\/WoVe-Logo_gr.png\",\"contentUrl\":\"https:\/\/wove.ch\/wp-content\/uploads\/2020\/07\/WoVe-Logo_gr.png\",\"width\":1500,\"height\":687,\"caption\":\"WoVe\"},\"image\":{\"@id\":\"https:\/\/wove.ch\/#\/schema\/logo\/image\/\"},\"sameAs\":[\"https:\/\/www.facebook.com\/WoVeStudentischeWohnvermittlungBasel\"]}]}<\/script>\n<!-- \/ Yoast SEO plugin. -->","yoast_head_json":{"title":"Frequently asked questions - WoVe","description":"Many questions are answered here. If you have any other questions you are welcome to send them to us by email or you can contact us personally at our office during our opening times.","robots":{"index":"index","follow":"follow","max-snippet":"max-snippet:-1","max-image-preview":"max-image-preview:large","max-video-preview":"max-video-preview:-1"},"canonical":"https:\/\/wove.ch\/en\/frequently-asked-questions\/","og_locale":"en_GB","og_type":"article","og_title":"H\u00e4ufige Fragen - WoVe","og_description":"Viele Fragen werden hier beantwortet. Falls Du eine andere Frage an uns hast, kannst Du Dich gerne per Email oder pers\u00f6nlich w\u00e4hrend den \u00d6ffnungszeiten an uns wenden.","og_url":"https:\/\/wove.ch\/en\/frequently-asked-questions\/","og_site_name":"WoVe","article_publisher":"https:\/\/www.facebook.com\/WoVeStudentischeWohnvermittlungBasel","article_modified_time":"2025-12-12T12:34:58+00:00","twitter_card":"summary_large_image","twitter_misc":{"Estimated reading time":"1 minute"},"schema":{"@context":"https:\/\/schema.org","@graph":[{"@type":"WebPage","@id":"https:\/\/wove.ch\/haeufige-fragen\/","url":"https:\/\/wove.ch\/haeufige-fragen\/","name":"Frequently asked questions - WoVe","isPartOf":{"@id":"https:\/\/wove.ch\/#website"},"datePublished":"2019-07-29T10:49:55+00:00","dateModified":"2025-12-12T12:34:58+00:00","description":"Many questions are answered here. If you have any other questions you are welcome to send them to us by email or you can contact us personally at our office during our opening times.","breadcrumb":{"@id":"https:\/\/wove.ch\/haeufige-fragen\/#breadcrumb"},"inLanguage":"en-GB","potentialAction":[{"@type":"ReadAction","target":["https:\/\/wove.ch\/haeufige-fragen\/"]}]},{"@type":"BreadcrumbList","@id":"https:\/\/wove.ch\/haeufige-fragen\/#breadcrumb","itemListElement":[{"@type":"ListItem","position":1,"name":"Startseite","item":"https:\/\/wove.ch\/"},{"@type":"ListItem","position":2,"name":"H\u00e4ufige Fragen"}]},{"@type":"WebSite","@id":"https:\/\/wove.ch\/#website","url":"https:\/\/wove.ch\/","name":"WoVe","description":"Student housing","publisher":{"@id":"https:\/\/wove.ch\/#organization"},"potentialAction":[{"@type":"SearchAction","target":{"@type":"EntryPoint","urlTemplate":"https:\/\/wove.ch\/?s={search_term_string}"},"query-input":{"@type":"PropertyValueSpecification","valueRequired":true,"valueName":"search_term_string"}}],"inLanguage":"en-GB"},{"@type":"Organization","@id":"https:\/\/wove.ch\/#organization","name":"WoVe","url":"https:\/\/wove.ch\/","logo":{"@type":"ImageObject","inLanguage":"en-GB","@id":"https:\/\/wove.ch\/#\/schema\/logo\/image\/","url":"https:\/\/wove.ch\/wp-content\/uploads\/2020\/07\/WoVe-Logo_gr.png","contentUrl":"https:\/\/wove.ch\/wp-content\/uploads\/2020\/07\/WoVe-Logo_gr.png","width":1500,"height":687,"caption":"WoVe"},"image":{"@id":"https:\/\/wove.ch\/#\/schema\/logo\/image\/"},"sameAs":["https:\/\/www.facebook.com\/WoVeStudentischeWohnvermittlungBasel"]}]}},"_links":{"self":[{"href":"https:\/\/wove.ch\/en\/wp-json\/wp\/v2\/pages\/219","targetHints":{"allow":["GET"]}}],"collection":[{"href":"https:\/\/wove.ch\/en\/wp-json\/wp\/v2\/pages"}],"about":[{"href":"https:\/\/wove.ch\/en\/wp-json\/wp\/v2\/types\/page"}],"author":[{"embeddable":true,"href":"https:\/\/wove.ch\/en\/wp-json\/wp\/v2\/users\/1"}],"replies":[{"embeddable":true,"href":"https:\/\/wove.ch\/en\/wp-json\/wp\/v2\/comments?post=219"}],"version-history":[{"count":46,"href":"https:\/\/wove.ch\/en\/wp-json\/wp\/v2\/pages\/219\/revisions"}],"predecessor-version":[{"id":2448,"href":"https:\/\/wove.ch\/en\/wp-json\/wp\/v2\/pages\/219\/revisions\/2448"}],"wp:attachment":[{"href":"https:\/\/wove.ch\/en\/wp-json\/wp\/v2\/media?parent=219"}],"curies":[{"name":"wp","href":"https:\/\/api.w.org\/{rel}","templated":true}]}}