{"id":225,"date":"2019-07-29T14:17:30","date_gmt":"2019-07-29T12:17:30","guid":{"rendered":"https:\/\/wove.ch\/?page_id=225"},"modified":"2026-02-12T12:45:16","modified_gmt":"2026-02-12T11:45:16","slug":"organisation","status":"publish","type":"page","link":"https:\/\/wove.ch\/en\/organisation\/","title":{"rendered":"Organisation"},"content":{"rendered":"<p>The Society for Student Accommodation, WoVe for short, is nowadays the most important provider of student accommodation in Basel.<\/p>","protected":false},"excerpt":{"rendered":"<p>The Society for Student Accommodation, WoVe for short, is nowadays the most important provider of student accommodation in Basel.<\/p>","protected":false},"author":1,"featured_media":0,"parent":0,"menu_order":0,"comment_status":"closed","ping_status":"closed","template":"page-organisation.php","meta":{"_acf_changed":false,"footnotes":""},"class_list":["post-225","page","type-page","status-publish","hentry"],"acf":[],"yoast_head":"<!-- This site is optimized with the Yoast SEO plugin v26.8 - https:\/\/yoast.com\/product\/yoast-seo-wordpress\/ -->\n<title>Organisation - WoVe<\/title>\n<meta name=\"description\" content=\"Der Verein f\u00fcr Studentisches Wohnen, auch abgek\u00fcrzt WoVe genannt ist heute der wichtigste Anbieter f\u00fcr studentisches Wohnen in Basel. Sie wurde 1970 aus einem Akt der studentischen Selbsthilfe als &quot;Verein Studentische Wohnvermittlung&quot; gegr\u00fcndet.Die WoVe funktioniert als Verein und Non-Profit-Organisation.\" \/>\n<meta name=\"robots\" content=\"index, follow, max-snippet:-1, max-image-preview:large, max-video-preview:-1\" \/>\n<link rel=\"canonical\" href=\"https:\/\/wove.ch\/en\/organisation\/\" \/>\n<meta property=\"og:locale\" content=\"en_GB\" \/>\n<meta property=\"og:type\" content=\"article\" \/>\n<meta property=\"og:title\" content=\"Organisation - WoVe\" \/>\n<meta property=\"og:description\" content=\"Der Verein f\u00fcr Studentisches Wohnen, auch abgek\u00fcrzt WoVe genannt ist heute der wichtigste Anbieter f\u00fcr studentisches Wohnen in Basel. Sie wurde 1970 aus einem Akt der studentischen Selbsthilfe als &quot;Verein Studentische Wohnvermittlung&quot; gegr\u00fcndet.Die WoVe funktioniert als Verein und Non-Profit-Organisation.\" \/>\n<meta property=\"og:url\" content=\"https:\/\/wove.ch\/en\/organisation\/\" \/>\n<meta property=\"og:site_name\" content=\"WoVe\" \/>\n<meta property=\"article:publisher\" content=\"https:\/\/www.facebook.com\/WoVeStudentischeWohnvermittlungBasel\" \/>\n<meta property=\"article:modified_time\" content=\"2026-02-12T11:45:16+00:00\" \/>\n<meta name=\"twitter:card\" content=\"summary_large_image\" \/>\n<meta name=\"twitter:label1\" content=\"Estimated reading time\" \/>\n\t<meta name=\"twitter:data1\" content=\"1 minute\" \/>\n<script type=\"application\/ld+json\" class=\"yoast-schema-graph\">{\"@context\":\"https:\/\/schema.org\",\"@graph\":[{\"@type\":\"WebPage\",\"@id\":\"https:\/\/wove.ch\/organisation\/\",\"url\":\"https:\/\/wove.ch\/organisation\/\",\"name\":\"Organisation - WoVe\",\"isPartOf\":{\"@id\":\"https:\/\/wove.ch\/#website\"},\"datePublished\":\"2019-07-29T12:17:30+00:00\",\"dateModified\":\"2026-02-12T11:45:16+00:00\",\"description\":\"Der Verein f\u00fcr Studentisches Wohnen, auch abgek\u00fcrzt WoVe genannt ist heute der wichtigste Anbieter f\u00fcr studentisches Wohnen in Basel. Sie wurde 1970 aus einem Akt der studentischen Selbsthilfe als \\\"Verein Studentische Wohnvermittlung\\\" gegr\u00fcndet.Die WoVe funktioniert als Verein und Non-Profit-Organisation.\",\"breadcrumb\":{\"@id\":\"https:\/\/wove.ch\/organisation\/#breadcrumb\"},\"inLanguage\":\"en-GB\",\"potentialAction\":[{\"@type\":\"ReadAction\",\"target\":[\"https:\/\/wove.ch\/organisation\/\"]}]},{\"@type\":\"BreadcrumbList\",\"@id\":\"https:\/\/wove.ch\/organisation\/#breadcrumb\",\"itemListElement\":[{\"@type\":\"ListItem\",\"position\":1,\"name\":\"Startseite\",\"item\":\"https:\/\/wove.ch\/\"},{\"@type\":\"ListItem\",\"position\":2,\"name\":\"Organisation\"}]},{\"@type\":\"WebSite\",\"@id\":\"https:\/\/wove.ch\/#website\",\"url\":\"https:\/\/wove.ch\/\",\"name\":\"WoVe\",\"description\":\"Studentisches Wohnen\",\"publisher\":{\"@id\":\"https:\/\/wove.ch\/#organization\"},\"potentialAction\":[{\"@type\":\"SearchAction\",\"target\":{\"@type\":\"EntryPoint\",\"urlTemplate\":\"https:\/\/wove.ch\/?s={search_term_string}\"},\"query-input\":{\"@type\":\"PropertyValueSpecification\",\"valueRequired\":true,\"valueName\":\"search_term_string\"}}],\"inLanguage\":\"en-GB\"},{\"@type\":\"Organization\",\"@id\":\"https:\/\/wove.ch\/#organization\",\"name\":\"WoVe\",\"url\":\"https:\/\/wove.ch\/\",\"logo\":{\"@type\":\"ImageObject\",\"inLanguage\":\"en-GB\",\"@id\":\"https:\/\/wove.ch\/#\/schema\/logo\/image\/\",\"url\":\"https:\/\/wove.ch\/wp-content\/uploads\/2020\/07\/WoVe-Logo_gr.png\",\"contentUrl\":\"https:\/\/wove.ch\/wp-content\/uploads\/2020\/07\/WoVe-Logo_gr.png\",\"width\":1500,\"height\":687,\"caption\":\"WoVe\"},\"image\":{\"@id\":\"https:\/\/wove.ch\/#\/schema\/logo\/image\/\"},\"sameAs\":[\"https:\/\/www.facebook.com\/WoVeStudentischeWohnvermittlungBasel\"]}]}<\/script>\n<!-- \/ Yoast SEO plugin. -->","yoast_head_json":{"title":"Organisation - WoVe","description":"The Verein f\u00fcr Studentisches Wohnen, also known as WoVe for short, is the most important provider of student accommodation in Basel today. It was founded in 1970 as an act of student self-help as the \"Verein Studentische Wohnvermittlung\" (Student Housing Association) and operates as an association and non-profit organisation.","robots":{"index":"index","follow":"follow","max-snippet":"max-snippet:-1","max-image-preview":"max-image-preview:large","max-video-preview":"max-video-preview:-1"},"canonical":"https:\/\/wove.ch\/en\/organisation\/","og_locale":"en_GB","og_type":"article","og_title":"Organisation - WoVe","og_description":"Der Verein f\u00fcr Studentisches Wohnen, auch abgek\u00fcrzt WoVe genannt ist heute der wichtigste Anbieter f\u00fcr studentisches Wohnen in Basel. Sie wurde 1970 aus einem Akt der studentischen Selbsthilfe als \"Verein Studentische Wohnvermittlung\" gegr\u00fcndet.Die WoVe funktioniert als Verein und Non-Profit-Organisation.","og_url":"https:\/\/wove.ch\/en\/organisation\/","og_site_name":"WoVe","article_publisher":"https:\/\/www.facebook.com\/WoVeStudentischeWohnvermittlungBasel","article_modified_time":"2026-02-12T11:45:16+00:00","twitter_card":"summary_large_image","twitter_misc":{"Estimated reading time":"1 minute"},"schema":{"@context":"https:\/\/schema.org","@graph":[{"@type":"WebPage","@id":"https:\/\/wove.ch\/organisation\/","url":"https:\/\/wove.ch\/organisation\/","name":"Organisation - WoVe","isPartOf":{"@id":"https:\/\/wove.ch\/#website"},"datePublished":"2019-07-29T12:17:30+00:00","dateModified":"2026-02-12T11:45:16+00:00","description":"The Verein f\u00fcr Studentisches Wohnen, also known as WoVe for short, is the most important provider of student accommodation in Basel today. It was founded in 1970 as an act of student self-help as the \"Verein Studentische Wohnvermittlung\" (Student Housing Association) and operates as an association and non-profit organisation.","breadcrumb":{"@id":"https:\/\/wove.ch\/organisation\/#breadcrumb"},"inLanguage":"en-GB","potentialAction":[{"@type":"ReadAction","target":["https:\/\/wove.ch\/organisation\/"]}]},{"@type":"BreadcrumbList","@id":"https:\/\/wove.ch\/organisation\/#breadcrumb","itemListElement":[{"@type":"ListItem","position":1,"name":"Startseite","item":"https:\/\/wove.ch\/"},{"@type":"ListItem","position":2,"name":"Organisation"}]},{"@type":"WebSite","@id":"https:\/\/wove.ch\/#website","url":"https:\/\/wove.ch\/","name":"WoVe","description":"Student housing","publisher":{"@id":"https:\/\/wove.ch\/#organization"},"potentialAction":[{"@type":"SearchAction","target":{"@type":"EntryPoint","urlTemplate":"https:\/\/wove.ch\/?s={search_term_string}"},"query-input":{"@type":"PropertyValueSpecification","valueRequired":true,"valueName":"search_term_string"}}],"inLanguage":"en-GB"},{"@type":"Organization","@id":"https:\/\/wove.ch\/#organization","name":"WoVe","url":"https:\/\/wove.ch\/","logo":{"@type":"ImageObject","inLanguage":"en-GB","@id":"https:\/\/wove.ch\/#\/schema\/logo\/image\/","url":"https:\/\/wove.ch\/wp-content\/uploads\/2020\/07\/WoVe-Logo_gr.png","contentUrl":"https:\/\/wove.ch\/wp-content\/uploads\/2020\/07\/WoVe-Logo_gr.png","width":1500,"height":687,"caption":"WoVe"},"image":{"@id":"https:\/\/wove.ch\/#\/schema\/logo\/image\/"},"sameAs":["https:\/\/www.facebook.com\/WoVeStudentischeWohnvermittlungBasel"]}]}},"_links":{"self":[{"href":"https:\/\/wove.ch\/en\/wp-json\/wp\/v2\/pages\/225","targetHints":{"allow":["GET"]}}],"collection":[{"href":"https:\/\/wove.ch\/en\/wp-json\/wp\/v2\/pages"}],"about":[{"href":"https:\/\/wove.ch\/en\/wp-json\/wp\/v2\/types\/page"}],"author":[{"embeddable":true,"href":"https:\/\/wove.ch\/en\/wp-json\/wp\/v2\/users\/1"}],"replies":[{"embeddable":true,"href":"https:\/\/wove.ch\/en\/wp-json\/wp\/v2\/comments?post=225"}],"version-history":[{"count":58,"href":"https:\/\/wove.ch\/en\/wp-json\/wp\/v2\/pages\/225\/revisions"}],"predecessor-version":[{"id":2495,"href":"https:\/\/wove.ch\/en\/wp-json\/wp\/v2\/pages\/225\/revisions\/2495"}],"wp:attachment":[{"href":"https:\/\/wove.ch\/en\/wp-json\/wp\/v2\/media?parent=225"}],"curies":[{"name":"wp","href":"https:\/\/api.w.org\/{rel}","templated":true}]}}